{"id":4,"date":"2020-03-04T03:05:27","date_gmt":"2020-03-04T03:05:27","guid":{"rendered":"http:\/\/www.asferconsultores.com\/?page_id=4"},"modified":"2020-03-06T02:44:18","modified_gmt":"2020-03-06T01:44:18","slug":"asesoria","status":"publish","type":"page","link":"https:\/\/www.asferconsultores.com\/index.php\/asesoria\/","title":{"rendered":"Asesor\u00eda"},"content":{"rendered":"<div class=\"fusion-fullwidth fullwidth-box fusion-builder-row-1 nonhundred-percent-fullwidth non-hundred-percent-height-scrolling\"  style='background-color: #ffffff;background-position: center center;background-repeat: no-repeat;padding-top:0px;padding-right:0px;padding-bottom:0px;padding-left:0px;'><div class=\"fusion-builder-row fusion-row \"><div  class=\"fusion-layout-column fusion_builder_column fusion_builder_column_1_1 fusion-builder-column-0 fusion-one-full fusion-column-first fusion-column-last 1_1\"  style='margin-top:0px;margin-bottom:0px;'><div class=\"fusion-column-wrapper\" style=\"padding: 0px 0px 0px 0px;background-position:left top;background-repeat:no-repeat;-webkit-background-size:cover;-moz-background-size:cover;-o-background-size:cover;background-size:cover;\"   data-bg-url=\"\"><div class=\"fusion-text\"><p>Asfer Consultores lleva desde 1986 al servicio de empresas, profesionales y particulares. Nuestro equipo abarca un amplio abanico de profesionales, experimentados en las distintas \u00e1reas de la asesor\u00eda, que se adaptan a las necesidades particulares de cada situaci\u00f3n.<\/p>\n<\/div><div class=\"fusion-flip-boxes flip-boxes row fusion-columns-2 flip-effect-classic equal-heights\"><div class=\"fusion-flip-box-wrapper fusion-column col-lg-6 col-md-6 col-sm-6\"><div class=\"fusion-flip-box flip-right\"><div class=\"flip-box-inner-wrapper\"><div class=\"flip-box-front\" style=\"background-color:#f6f6f6;border-color:rgba(0,0,0,0);border-radius:6px;border-style:solid;border-width:1px;color:#747474;transition-duration:0.8s;background-image: url(&#039;https:\/\/www.asferconsultores.com\/wp-content\/uploads\/2020\/03\/Asesoria-Fiscal.jpg&#039;);\"><div class=\"flip-box-front-inner\"><h2 class=\"flip-box-heading without-text\" style=\"color:#ffffff;\">Fiscal<\/h2><\/div><\/div><div class=\"flip-box-back\" style=\"background-color:#1e315b;border-color:rgba(0,0,0,0);border-radius:6px;border-style:solid;border-width:1px;color:rgba(255,255,255,0.8);transition-duration:0.8s;\"><div class=\"flip-box-back-inner\"><h3 class=\"flip-box-heading-back\" style=\"color:#ffffff;\">Asesor\u00eda Fiscal<\/h3>\r\n<p>\u00a0Asesoramiento en Obligaciones Fiscales<br \/>\u00a0Altas y Bajas en I.A.E.<br \/>\u00a0Declaraciones Censales<br \/>\u00a0Impuesto sobre el Valor A\u00f1adido<br \/>\u00a0Impuesto sobre la Renta de las Personas F\u00edsicas<br \/>\u00a0Impuesto sobre Sociedades<br \/>\u00a0Pagos Fraccionados y Retenciones<br \/>\u00a0Declaraciones Informativas<br \/>\u00a0Transmisiones Patrimoniales<br \/>\u00a0Sucesiones y Donaciones<br \/>\u00a0Contestaci\u00f3n a Requerimientos<br \/>\u00a0Recursos de Reposici\u00f3n<br \/>\u00a0Reclamaciones ante el T.E.A.F.<br \/>\u00a0Asistencia a Inspecciones<br \/>\u00a0Aplazamientos de pago<\/p>\r\n<\/div><\/div><\/div><\/div><\/div><div class=\"fusion-flip-box-wrapper fusion-column col-lg-6 col-md-6 col-sm-6\"><div class=\"fusion-flip-box flip-right\"><div class=\"flip-box-inner-wrapper\"><div class=\"flip-box-front\" style=\"background-color:#f6f6f6;border-color:rgba(0,0,0,0);border-radius:6px;border-style:solid;border-width:1px;color:#747474;transition-duration:0.8s;\"><div class=\"flip-box-front-inner\"><h2 class=\"flip-box-heading without-text\" style=\"color:#333333;\">Contabilidad<\/h2><\/div><\/div><div class=\"flip-box-back\" style=\"background-color:#1e315b;border-color:rgba(0,0,0,0);border-radius:6px;border-style:solid;border-width:1px;color:rgba(255,255,255,0.8);transition-duration:0.8s;\"><div class=\"flip-box-back-inner\"><h3 class=\"flip-box-heading-back\" style=\"color:#ffffff;\">Expertos Contables<\/h3>\r\n<p><strong>&#8211; Asesoramiento personalizado en materia contable<br \/>&#8211; Libro Diario<br \/>&#8211; Libro Mayor<br \/>&#8211; Cuentas Anuales y Memoria<br \/>&#8211; Libros de I.V.A.<br \/>&#8211; Legalizaci\u00f3n de Libros Contables en el Registro Mercantil<br \/><\/strong><b>&#8211; Dep\u00f3sito de Balances en el Registro Mercantil<\/b><br \/><b>&#8211; Libro de Operaciones econ\u00f3micas (Modelo 140)<\/b><\/p>\r\n<\/div><\/div><\/div><\/div><\/div><\/div><div class=\"fusion-clearfix\"><\/div><div class=\"fusion-flip-boxes flip-boxes row fusion-columns-2 flip-effect-classic equal-heights\"><div class=\"fusion-flip-box-wrapper fusion-column col-lg-6 col-md-6 col-sm-6\"><div class=\"fusion-flip-box flip-right\"><div class=\"flip-box-inner-wrapper\"><div class=\"flip-box-front\" style=\"background-color:#f6f6f6;border-color:rgba(0,0,0,0);border-radius:6px;border-style:solid;border-width:1px;color:#747474;transition-duration:0.8s;\"><div class=\"flip-box-front-inner\"><h2 class=\"flip-box-heading without-text\" style=\"color:#333333;\">Laboral<\/h2><\/div><\/div><div class=\"flip-box-back\" style=\"background-color:#1e315b;border-color:rgba(0,0,0,0);border-radius:6px;border-style:solid;border-width:1px;color:rgba(255,255,255,0.8);transition-duration:0.8s;\"><div class=\"flip-box-back-inner\"><h3 class=\"flip-box-heading-back\" style=\"color:#ffffff;\">Expertos Contables<\/h3>\r\n<p><strong>&#8211; Asesoramiento personalizado en materia contable<br \/>&#8211; Libro Diario<br \/>&#8211; Libro Mayor<br \/>&#8211; Cuentas Anuales y Memoria<br \/>&#8211; Libros de I.V.A.<br \/>&#8211; Legalizaci\u00f3n de Libros Contables en el Registro Mercantil<br \/><\/strong><b>&#8211; Dep\u00f3sito de Balances en el Registro Mercantil<\/b><br \/><b>&#8211; Libro de Operaciones econ\u00f3micas (Modelo 140)<\/b><\/p>\r\n<\/div><\/div><\/div><\/div><\/div><div class=\"fusion-flip-box-wrapper fusion-column col-lg-6 col-md-6 col-sm-6\"><div class=\"fusion-flip-box flip-right\"><div class=\"flip-box-inner-wrapper\"><div class=\"flip-box-front\" style=\"background-color:#f6f6f6;border-color:rgba(0,0,0,0);border-radius:6px;border-style:solid;border-width:1px;color:#747474;transition-duration:0.8s;background-image: url(&#039;https:\/\/www.asferconsultores.com\/wp-content\/uploads\/2020\/03\/Asesoria-Fiscal.jpg&#039;);\"><div class=\"flip-box-front-inner\"><h2 class=\"flip-box-heading without-text\" style=\"color:#ffffff;\">Mercantil<\/h2><\/div><\/div><div class=\"flip-box-back\" style=\"background-color:#1e315b;border-color:rgba(0,0,0,0);border-radius:6px;border-style:solid;border-width:1px;color:rgba(255,255,255,0.8);transition-duration:0.8s;\"><div class=\"flip-box-back-inner\">\r\n<p>\u00a0Asesoramiento en Obligaciones Fiscales<br \/>\u00a0Altas y Bajas en I.A.E.<br \/>\u00a0Declaraciones Censales<br \/>\u00a0Impuesto sobre el Valor A\u00f1adido<br \/>\u00a0Impuesto sobre la Renta de las Personas F\u00edsicas<br \/>\u00a0Impuesto sobre Sociedades<br \/>\u00a0Pagos Fraccionados y Retenciones<br \/>\u00a0Declaraciones Informativas<br \/>\u00a0Transmisiones Patrimoniales<br \/>\u00a0Sucesiones y Donaciones<br \/>\u00a0Contestaci\u00f3n a Requerimientos<br \/>\u00a0Recursos de Reposici\u00f3n<br \/>\u00a0Reclamaciones ante el T.E.A.F.<br \/>\u00a0Asistencia a Inspecciones<br \/>\u00a0Aplazamientos de pago<\/p>\r\n<\/div><\/div><\/div><\/div><\/div><\/div><div class=\"fusion-clearfix\"><\/div><div class=\"fusion-clearfix\"><\/div><\/div><\/div><\/div><\/div>","protected":false},"excerpt":{"rendered":"","protected":false},"author":1,"featured_media":0,"parent":0,"menu_order":0,"comment_status":"closed","ping_status":"closed","template":"","meta":{"footnotes":""},"class_list":["post-4","page","type-page","status-publish","hentry"],"yoast_head":"<!-- This site is optimized with the Yoast SEO plugin v25.6 - https:\/\/yoast.com\/wordpress\/plugins\/seo\/ -->\n<title>Asesor\u00eda - Asfer Consultores<\/title>\n<meta name=\"robots\" content=\"index, follow, max-snippet:-1, max-image-preview:large, max-video-preview:-1\" \/>\n<link rel=\"canonical\" href=\"https:\/\/www.asferconsultores.com\/index.php\/asesoria\/\" \/>\n<meta property=\"og:locale\" content=\"es_ES\" \/>\n<meta property=\"og:type\" content=\"article\" \/>\n<meta property=\"og:title\" content=\"Asesor\u00eda - Asfer Consultores\" \/>\n<meta property=\"og:url\" content=\"https:\/\/www.asferconsultores.com\/index.php\/asesoria\/\" \/>\n<meta property=\"og:site_name\" content=\"Asfer Consultores\" \/>\n<meta property=\"article:modified_time\" content=\"2020-03-06T01:44:18+00:00\" \/>\n<meta name=\"twitter:card\" content=\"summary_large_image\" \/>\n<meta name=\"twitter:label1\" content=\"Tiempo de lectura\" \/>\n\t<meta name=\"twitter:data1\" content=\"4 minutos\" \/>\n<script type=\"application\/ld+json\" class=\"yoast-schema-graph\">{\"@context\":\"https:\/\/schema.org\",\"@graph\":[{\"@type\":\"WebPage\",\"@id\":\"https:\/\/www.asferconsultores.com\/index.php\/asesoria\/\",\"url\":\"https:\/\/www.asferconsultores.com\/index.php\/asesoria\/\",\"name\":\"Asesor\u00eda - Asfer Consultores\",\"isPartOf\":{\"@id\":\"https:\/\/www.asferconsultores.com\/#website\"},\"datePublished\":\"2020-03-04T03:05:27+00:00\",\"dateModified\":\"2020-03-06T01:44:18+00:00\",\"breadcrumb\":{\"@id\":\"https:\/\/www.asferconsultores.com\/index.php\/asesoria\/#breadcrumb\"},\"inLanguage\":\"es\",\"potentialAction\":[{\"@type\":\"ReadAction\",\"target\":[\"https:\/\/www.asferconsultores.com\/index.php\/asesoria\/\"]}]},{\"@type\":\"BreadcrumbList\",\"@id\":\"https:\/\/www.asferconsultores.com\/index.php\/asesoria\/#breadcrumb\",\"itemListElement\":[{\"@type\":\"ListItem\",\"position\":1,\"name\":\"Portada\",\"item\":\"https:\/\/www.asferconsultores.com\/\"},{\"@type\":\"ListItem\",\"position\":2,\"name\":\"Asesor\u00eda\"}]},{\"@type\":\"WebSite\",\"@id\":\"https:\/\/www.asferconsultores.com\/#website\",\"url\":\"https:\/\/www.asferconsultores.com\/\",\"name\":\"Asfer Consultores\",\"description\":\"Gesti\u00f3n de Veh\u00edculos\",\"potentialAction\":[{\"@type\":\"SearchAction\",\"target\":{\"@type\":\"EntryPoint\",\"urlTemplate\":\"https:\/\/www.asferconsultores.com\/?s={search_term_string}\"},\"query-input\":{\"@type\":\"PropertyValueSpecification\",\"valueRequired\":true,\"valueName\":\"search_term_string\"}}],\"inLanguage\":\"es\"}]}<\/script>\n<!-- \/ Yoast SEO plugin. -->","yoast_head_json":{"title":"Asesor\u00eda - Asfer Consultores","robots":{"index":"index","follow":"follow","max-snippet":"max-snippet:-1","max-image-preview":"max-image-preview:large","max-video-preview":"max-video-preview:-1"},"canonical":"https:\/\/www.asferconsultores.com\/index.php\/asesoria\/","og_locale":"es_ES","og_type":"article","og_title":"Asesor\u00eda - Asfer Consultores","og_url":"https:\/\/www.asferconsultores.com\/index.php\/asesoria\/","og_site_name":"Asfer Consultores","article_modified_time":"2020-03-06T01:44:18+00:00","twitter_card":"summary_large_image","twitter_misc":{"Tiempo de lectura":"4 minutos"},"schema":{"@context":"https:\/\/schema.org","@graph":[{"@type":"WebPage","@id":"https:\/\/www.asferconsultores.com\/index.php\/asesoria\/","url":"https:\/\/www.asferconsultores.com\/index.php\/asesoria\/","name":"Asesor\u00eda - Asfer Consultores","isPartOf":{"@id":"https:\/\/www.asferconsultores.com\/#website"},"datePublished":"2020-03-04T03:05:27+00:00","dateModified":"2020-03-06T01:44:18+00:00","breadcrumb":{"@id":"https:\/\/www.asferconsultores.com\/index.php\/asesoria\/#breadcrumb"},"inLanguage":"es","potentialAction":[{"@type":"ReadAction","target":["https:\/\/www.asferconsultores.com\/index.php\/asesoria\/"]}]},{"@type":"BreadcrumbList","@id":"https:\/\/www.asferconsultores.com\/index.php\/asesoria\/#breadcrumb","itemListElement":[{"@type":"ListItem","position":1,"name":"Portada","item":"https:\/\/www.asferconsultores.com\/"},{"@type":"ListItem","position":2,"name":"Asesor\u00eda"}]},{"@type":"WebSite","@id":"https:\/\/www.asferconsultores.com\/#website","url":"https:\/\/www.asferconsultores.com\/","name":"Asfer Consultores","description":"Gesti\u00f3n de Veh\u00edculos","potentialAction":[{"@type":"SearchAction","target":{"@type":"EntryPoint","urlTemplate":"https:\/\/www.asferconsultores.com\/?s={search_term_string}"},"query-input":{"@type":"PropertyValueSpecification","valueRequired":true,"valueName":"search_term_string"}}],"inLanguage":"es"}]}},"_links":{"self":[{"href":"https:\/\/www.asferconsultores.com\/index.php\/wp-json\/wp\/v2\/pages\/4"}],"collection":[{"href":"https:\/\/www.asferconsultores.com\/index.php\/wp-json\/wp\/v2\/pages"}],"about":[{"href":"https:\/\/www.asferconsultores.com\/index.php\/wp-json\/wp\/v2\/types\/page"}],"author":[{"embeddable":true,"href":"https:\/\/www.asferconsultores.com\/index.php\/wp-json\/wp\/v2\/users\/1"}],"replies":[{"embeddable":true,"href":"https:\/\/www.asferconsultores.com\/index.php\/wp-json\/wp\/v2\/comments?post=4"}],"version-history":[{"count":11,"href":"https:\/\/www.asferconsultores.com\/index.php\/wp-json\/wp\/v2\/pages\/4\/revisions"}],"predecessor-version":[{"id":66,"href":"https:\/\/www.asferconsultores.com\/index.php\/wp-json\/wp\/v2\/pages\/4\/revisions\/66"}],"wp:attachment":[{"href":"https:\/\/www.asferconsultores.com\/index.php\/wp-json\/wp\/v2\/media?parent=4"}],"curies":[{"name":"wp","href":"https:\/\/api.w.org\/{rel}","templated":true}]}}